{"id":6,"date":"2010-10-10T14:17:16","date_gmt":"2010-10-10T14:17:16","guid":{"rendered":"http:\/\/www.wow-media.com\/"},"modified":"2012-05-14T13:00:05","modified_gmt":"2012-05-14T13:00:05","slug":"journalismus","status":"publish","type":"page","link":"http:\/\/www.wow-media.com\/?page_id=6","title":{"rendered":"Journalismus"},"content":{"rendered":"<p>Die Herausforderung: komplexe Zusammenh\u00e4nge verst\u00e4ndlich machen<\/p>\n<p>Das ist jeden Tag aufs Neue eine spannende Aufgabe. Deshalb arbeite ich gerne als Nachrichtenjournalist. Es geh\u00f6rt zum Gesch\u00e4ft, sich innerhalb k\u00fcrzester Zeit mit Themen soweit vertraut zu machen, dass ein verantwortungsvoller Umgang mit Informationen und Details m\u00f6glich ist.<\/p>\n<p>Ob Print oder Online, im Radio oder Fernsehen \u2013 Nachrichten sind unser Fenster in die globalisierte Welt. Durch meine Arbeit kann ich auf Probleme aufmerksam machen, Antworten auf offene Fragen liefern und zur Diskussion \u00fcber aktuelle Ereignisse beitragen. Und: Kein Tag ist wie der andere!<\/p>\n<p>Informationen zu meinen bisherigen Arbeitgebern<br \/>\nfinden Sie im Bereich <a title=\"Referenzen\" href=\"http:\/\/www.wow-media.com\/?page_id=16\">Referenzen<\/a>.<\/p>\n","protected":false},"excerpt":{"rendered":"<p>Die Herausforderung: komplexe Zusammenh\u00e4nge verst\u00e4ndlich machen Das ist jeden Tag aufs Neue eine spannende Aufgabe. Deshalb arbeite ich gerne als Nachrichtenjournalist. Es geh\u00f6rt zum Gesch\u00e4ft, sich innerhalb k\u00fcrzester Zeit mit Themen soweit vertraut zu machen, dass ein verantwortungsvoller Umgang mit &hellip; <a href=\"http:\/\/www.wow-media.com\/?page_id=6\">Weiterlesen <span class=\"meta-nav\">&rarr;<\/span><\/a><\/p>\n","protected":false},"author":1,"featured_media":0,"parent":2,"menu_order":0,"comment_status":"closed","ping_status":"open","template":"","meta":{"ngg_post_thumbnail":0},"_links":{"self":[{"href":"http:\/\/www.wow-media.com\/index.php?rest_route=\/wp\/v2\/pages\/6"}],"collection":[{"href":"http:\/\/www.wow-media.com\/index.php?rest_route=\/wp\/v2\/pages"}],"about":[{"href":"http:\/\/www.wow-media.com\/index.php?rest_route=\/wp\/v2\/types\/page"}],"author":[{"embeddable":true,"href":"http:\/\/www.wow-media.com\/index.php?rest_route=\/wp\/v2\/users\/1"}],"replies":[{"embeddable":true,"href":"http:\/\/www.wow-media.com\/index.php?rest_route=%2Fwp%2Fv2%2Fcomments&post=6"}],"version-history":[{"count":5,"href":"http:\/\/www.wow-media.com\/index.php?rest_route=\/wp\/v2\/pages\/6\/revisions"}],"predecessor-version":[{"id":360,"href":"http:\/\/www.wow-media.com\/index.php?rest_route=\/wp\/v2\/pages\/6\/revisions\/360"}],"up":[{"embeddable":true,"href":"http:\/\/www.wow-media.com\/index.php?rest_route=\/wp\/v2\/pages\/2"}],"wp:attachment":[{"href":"http:\/\/www.wow-media.com\/index.php?rest_route=%2Fwp%2Fv2%2Fmedia&parent=6"}],"curies":[{"name":"wp","href":"https:\/\/api.w.org\/{rel}","templated":true}]}}