{"id":44,"date":"2010-10-10T14:30:52","date_gmt":"2010-10-10T14:30:52","guid":{"rendered":"http:\/\/www.wow-media.com\/"},"modified":"2012-05-14T14:30:12","modified_gmt":"2012-05-14T14:30:12","slug":"mitgliedschaften","status":"publish","type":"page","link":"http:\/\/www.wow-media.com\/?page_id=44","title":{"rendered":"Mitgliedschaften"},"content":{"rendered":"<p>&#8211;\u00a0\u00a0\u00a0\u00a0\u00a0\u00a0\u00a0\u00a0 <a href=\"http:\/\/www.icahdq.org\/\">International Communication Association (ICA) <\/a><\/p>\n<p>ICA is an academic association for scholars interested in the study, teaching and application of all aspects of human and mediated communication. ICA began more than 50 years ago as a small association of U.S. researchers and is now a truly international association with more than 4200 members in over 80 countries. Since 2003, ICA has been officially associated with the United Nations as a nongovernmental association (NGO).<\/p>\n<p>&#8211;\u00a0\u00a0\u00a0\u00a0\u00a0\u00a0\u00a0\u00a0 <a href=\"http:\/\/www.unl.edu\/wapor\/\">World Association for Public Opinion Research (WAPOR) <\/a><\/p>\n<p>WAPOR is a professional society of more than 450 individuals from academic and business professions in over 50 countries who share information in the field of public opinion research through conferences, publications, and personal contact. As a WAPOR member, you are given the opportunity to have your organization or agency listed in the <em>AAPOR\/ WAPOR Blue Book<\/em>, a guide to public opinion research resources worldwide published every year.<\/p>\n<p>&#8211;\u00a0\u00a0\u00a0\u00a0\u00a0\u00a0\u00a0\u00a0 <a href=\"http:\/\/www.dv-parl.de\/startseite\">Deutsche Vereinigung f\u00fcr Parlamentsfragen (DVParl)<\/a><\/p>\n<p><strong><\/strong>Die Deutsche Vereinigung f\u00fcr Parlamentsfragen ist als eingetragener Verein die Herausgeberin der Zeitschrift f\u00fcr Parlamentsfragen. Sie erscheint viermal im Jahr mit einem Gesamtumfang von circa 950 Seiten und richtet sich an Wissenschaftler, Journalisten, Politiker, Mitarbeiter der Parlamentsverwaltungen, Studierende und generell an Parlamentsfragen Interessierte.<\/p>\n<p>&#8211;\u00a0\u00a0\u00a0\u00a0\u00a0\u00a0\u00a0\u00a0 <a href=\"http:\/\/www.napoko.de\/\">Nachwuchsnetzwerk politische Kommunikation (NapoKo)<\/a><\/p>\n<p>Das Netzwerk Nachwuchs politische Kommunikation versteht sich als Teil des Arbeitskreises \u201ePolitik und Kommunikation\u201c der DVPW bzw. der Fachgruppe \u201eKommunikation und Politik\u201c der DGPuK. Wir richten uns an Studierende, Absolventen und Nachwuchswissenschaftler, die sich f\u00fcr Fragen der politischen Kommunikation interessieren und nach M\u00f6glichkeiten des informellen, interdisziplin\u00e4ren und unkomplizierten Austausches mit Gleichgesinnten suchen.<\/p>\n<p>&#8211;\u00a0\u00a0\u00a0\u00a0\u00a0\u00a0\u00a0\u00a0 <a href=\"http:\/\/www.dpsg.de\/\">Deutsche Pfadfinderschaft St. Georg (DPSG)<\/a><\/p>\n<p>Die Deutsche Pfadfinderschaft Sankt Georg (DPSG) bietet 95.000 Kindern, Jugendlichen und jungen Erwachsenen mehr als ein Abenteuer. Der gr\u00f6\u00dfte katholische Pfadfinderverband in Deutschland wurde 1929 gegr\u00fcndet. Er versteht sich als Erziehungsverband &#8211; die Mitglieder lernen, aufrichtig und engagiert ihr Leben und ihr Umfeld zu gestalten.<\/p>\n<p>&#8211;\u00a0\u00a0\u00a0\u00a0\u00a0\u00a0\u00a0 <a title=\"Landsknechtstrommler Kaufbeuren\" href=\"http:\/\/www.landsknechtstrommler.de\/\" target=\"_blank\">Landsknechtstrommler Kaufbeuren e.V.<\/a><\/p>\n<p>Die Landsknechtstrommler Kaufbeuren sind eine mittelalterliche Trommlergruppe. Mit viel Herz soll dem Publikum historisches Treiben und Musik n\u00e4her gebracht werden. Gerade auch die unterschiedlichen Begabungen der Mitglieder ist die Gruppe bem\u00fcht, mit Trommelspiel, Fahnenschwingen und kurzweiligen Einlagen als k\u00fcnstlerische Botschafter der Stadt Kaufbeuren die Menschen allerorten zu begeistern.<\/p>\n<p>&nbsp;<\/p>\n","protected":false},"excerpt":{"rendered":"<p>&#8211;\u00a0\u00a0\u00a0\u00a0\u00a0\u00a0\u00a0\u00a0 International Communication Association (ICA) ICA is an academic association for scholars interested in the study, teaching and application of all aspects of human and mediated communication. ICA began more than 50 years ago as a small association of U.S. &hellip; <a href=\"http:\/\/www.wow-media.com\/?page_id=44\">Weiterlesen <span class=\"meta-nav\">&rarr;<\/span><\/a><\/p>\n","protected":false},"author":1,"featured_media":0,"parent":37,"menu_order":1,"comment_status":"closed","ping_status":"open","template":"","meta":{"ngg_post_thumbnail":0},"_links":{"self":[{"href":"http:\/\/www.wow-media.com\/index.php?rest_route=\/wp\/v2\/pages\/44"}],"collection":[{"href":"http:\/\/www.wow-media.com\/index.php?rest_route=\/wp\/v2\/pages"}],"about":[{"href":"http:\/\/www.wow-media.com\/index.php?rest_route=\/wp\/v2\/types\/page"}],"author":[{"embeddable":true,"href":"http:\/\/www.wow-media.com\/index.php?rest_route=\/wp\/v2\/users\/1"}],"replies":[{"embeddable":true,"href":"http:\/\/www.wow-media.com\/index.php?rest_route=%2Fwp%2Fv2%2Fcomments&post=44"}],"version-history":[{"count":11,"href":"http:\/\/www.wow-media.com\/index.php?rest_route=\/wp\/v2\/pages\/44\/revisions"}],"predecessor-version":[{"id":90,"href":"http:\/\/www.wow-media.com\/index.php?rest_route=\/wp\/v2\/pages\/44\/revisions\/90"}],"up":[{"embeddable":true,"href":"http:\/\/www.wow-media.com\/index.php?rest_route=\/wp\/v2\/pages\/37"}],"wp:attachment":[{"href":"http:\/\/www.wow-media.com\/index.php?rest_route=%2Fwp%2Fv2%2Fmedia&parent=44"}],"curies":[{"name":"wp","href":"https:\/\/api.w.org\/{rel}","templated":true}]}}