{"id":41,"date":"2010-10-10T14:30:12","date_gmt":"2010-10-10T14:30:12","guid":{"rendered":"http:\/\/www.wow-media.com\/"},"modified":"2012-04-01T10:39:15","modified_gmt":"2012-04-01T10:39:15","slug":"wer-ist-wow","status":"publish","type":"page","link":"http:\/\/www.wow-media.com\/?page_id=41","title":{"rendered":"Wer ist woW?"},"content":{"rendered":"<p>WOW entstammt den Initialen meines Namens.<\/p>\n<p>Doch weltweit ist wow! nat\u00fcrlich mehr.<br \/>\nHier finden Sie einen kleinen Einblick in die<br \/>\n<strong>WELT OF WOW!<\/strong><\/p>\n<p><!-- index.php -->\r\n<div\r\n\tclass=\"ngg-galleryoverview ngg-ajax-pagination-none\"\r\n\tid=\"ngg-gallery-57271d23398e251ae60b0f5ad9115984-1\">\r\n\r\n    \t\t<!-- Thumbnails -->\r\n\t\t\t\t<div id=\"ngg-image-0\" class=\"ngg-gallery-thumbnail-box\" >\r\n\t\t\t\t        <div class=\"ngg-gallery-thumbnail\">\r\n            <a href=\"http:\/\/www.wow-media.com\/wp-content\/gallery\/worldofwow\/1005wowphilippines.jpg\"\r\n               title=\"Philippinen, 2004\"\r\n               data-src=\"http:\/\/www.wow-media.com\/wp-content\/gallery\/worldofwow\/1005wowphilippines.jpg\"\r\n               data-thumbnail=\"http:\/\/www.wow-media.com\/wp-content\/gallery\/worldofwow\/thumbs\/thumbs_1005wowphilippines.jpg\"\r\n               data-image-id=\"48\"\r\n               data-title=\"Philippinen, 2004\"\r\n               data-description=\"Philippinen, 2004\"\r\n               data-image-slug=\"philippinen-2004\"\r\n               class=\"shutterset_57271d23398e251ae60b0f5ad9115984\">\r\n                <img\r\n                    title=\"Philippinen, 2004\"\r\n                    alt=\"Philippinen, 2004\"\r\n                    src=\"http:\/\/www.wow-media.com\/wp-content\/gallery\/worldofwow\/thumbs\/thumbs_1005wowphilippines.jpg\"\r\n                    width=\"100\"\r\n                    height=\"74\"\r\n                    style=\"max-width:100%;\"\r\n                \/>\r\n            <\/a>\r\n        <\/div>\r\n\t\t\t\t\t\t\t<\/div> \r\n\t\t\t\r\n                            \r\n\t\t\t\t<div id=\"ngg-image-1\" class=\"ngg-gallery-thumbnail-box\" >\r\n\t\t\t\t        <div class=\"ngg-gallery-thumbnail\">\r\n            <a href=\"http:\/\/www.wow-media.com\/wp-content\/gallery\/worldofwow\/1505tagataywowdick.jpg\"\r\n               title=\"Philippinen, 2004\"\r\n               data-src=\"http:\/\/www.wow-media.com\/wp-content\/gallery\/worldofwow\/1505tagataywowdick.jpg\"\r\n               data-thumbnail=\"http:\/\/www.wow-media.com\/wp-content\/gallery\/worldofwow\/thumbs\/thumbs_1505tagataywowdick.jpg\"\r\n               data-image-id=\"49\"\r\n               data-title=\"Philippinen, 2004\"\r\n               data-description=\"Philippinen, 2004\"\r\n               data-image-slug=\"philippinen-2004-2\"\r\n               class=\"shutterset_57271d23398e251ae60b0f5ad9115984\">\r\n                <img\r\n                    title=\"Philippinen, 2004\"\r\n                    alt=\"Philippinen, 2004\"\r\n                    src=\"http:\/\/www.wow-media.com\/wp-content\/gallery\/worldofwow\/thumbs\/thumbs_1505tagataywowdick.jpg\"\r\n                    width=\"100\"\r\n                    height=\"74\"\r\n                    style=\"max-width:100%;\"\r\n                \/>\r\n            <\/a>\r\n        <\/div>\r\n\t\t\t\t\t\t\t<\/div> \r\n\t\t\t\r\n                            \r\n\t\t\t\t<div id=\"ngg-image-2\" class=\"ngg-gallery-thumbnail-box\" >\r\n\t\t\t\t        <div class=\"ngg-gallery-thumbnail\">\r\n            <a href=\"http:\/\/www.wow-media.com\/wp-content\/gallery\/worldofwow\/anzeige-jollydays1206.jpg\"\r\n               title=\"Internet-Anzeige: Jollydays\"\r\n               data-src=\"http:\/\/www.wow-media.com\/wp-content\/gallery\/worldofwow\/anzeige-jollydays1206.jpg\"\r\n               data-thumbnail=\"http:\/\/www.wow-media.com\/wp-content\/gallery\/worldofwow\/thumbs\/thumbs_anzeige-jollydays1206.jpg\"\r\n               data-image-id=\"50\"\r\n               data-title=\"Internet-Anzeige: Jollydays\"\r\n               data-description=\"Internet-Anzeige: Jollydays\"\r\n               data-image-slug=\"internet-anzeige-jollydays\"\r\n               class=\"shutterset_57271d23398e251ae60b0f5ad9115984\">\r\n                <img\r\n                    title=\"Internet-Anzeige: Jollydays\"\r\n                    alt=\"Internet-Anzeige: Jollydays\"\r\n                    src=\"http:\/\/www.wow-media.com\/wp-content\/gallery\/worldofwow\/thumbs\/thumbs_anzeige-jollydays1206.jpg\"\r\n                    width=\"100\"\r\n                    height=\"75\"\r\n                    style=\"max-width:100%;\"\r\n                \/>\r\n            <\/a>\r\n        <\/div>\r\n\t\t\t\t\t\t\t<\/div> \r\n\t\t\t\r\n                            \r\n\t\t\t\t<div id=\"ngg-image-3\" class=\"ngg-gallery-thumbnail-box\" >\r\n\t\t\t\t        <div class=\"ngg-gallery-thumbnail\">\r\n            <a href=\"http:\/\/www.wow-media.com\/wp-content\/gallery\/worldofwow\/bestbuy06.jpg\"\r\n               title=\"Internet-Anzeige: bestbuy\"\r\n               data-src=\"http:\/\/www.wow-media.com\/wp-content\/gallery\/worldofwow\/bestbuy06.jpg\"\r\n               data-thumbnail=\"http:\/\/www.wow-media.com\/wp-content\/gallery\/worldofwow\/thumbs\/thumbs_bestbuy06.jpg\"\r\n               data-image-id=\"51\"\r\n               data-title=\"Internet-Anzeige: bestbuy\"\r\n               data-description=\"Internet-Anzeige: bestbuy\"\r\n               data-image-slug=\"internet-anzeige-bestbuy\"\r\n               class=\"shutterset_57271d23398e251ae60b0f5ad9115984\">\r\n                <img\r\n                    title=\"Internet-Anzeige: bestbuy\"\r\n                    alt=\"Internet-Anzeige: bestbuy\"\r\n                    src=\"http:\/\/www.wow-media.com\/wp-content\/gallery\/worldofwow\/thumbs\/thumbs_bestbuy06.jpg\"\r\n                    width=\"100\"\r\n                    height=\"75\"\r\n                    style=\"max-width:100%;\"\r\n                \/>\r\n            <\/a>\r\n        <\/div>\r\n\t\t\t\t\t\t\t<\/div> \r\n\t\t\t\r\n                            \r\n\t\t\t\t<div id=\"ngg-image-4\" class=\"ngg-gallery-thumbnail-box\" >\r\n\t\t\t\t        <div class=\"ngg-gallery-thumbnail\">\r\n            <a href=\"http:\/\/www.wow-media.com\/wp-content\/gallery\/worldofwow\/dcp_1322.jpg\"\r\n               title=\"Philippinen, 2004\"\r\n               data-src=\"http:\/\/www.wow-media.com\/wp-content\/gallery\/worldofwow\/dcp_1322.jpg\"\r\n               data-thumbnail=\"http:\/\/www.wow-media.com\/wp-content\/gallery\/worldofwow\/thumbs\/thumbs_dcp_1322.jpg\"\r\n               data-image-id=\"52\"\r\n               data-title=\"Philippinen, 2004\"\r\n               data-description=\"Philippinen, 2004\"\r\n               data-image-slug=\"philippinen-2004-3\"\r\n               class=\"shutterset_57271d23398e251ae60b0f5ad9115984\">\r\n                <img\r\n                    title=\"Philippinen, 2004\"\r\n                    alt=\"Philippinen, 2004\"\r\n                    src=\"http:\/\/www.wow-media.com\/wp-content\/gallery\/worldofwow\/thumbs\/thumbs_dcp_1322.jpg\"\r\n                    width=\"100\"\r\n                    height=\"74\"\r\n                    style=\"max-width:100%;\"\r\n                \/>\r\n            <\/a>\r\n        <\/div>\r\n\t\t\t\t\t\t\t<\/div> \r\n\t\t\t\r\n                                    <br style=\"clear: both\" \/>\r\n                    \r\n\t\t\t\t<div id=\"ngg-image-5\" class=\"ngg-gallery-thumbnail-box\" >\r\n\t\t\t\t        <div class=\"ngg-gallery-thumbnail\">\r\n            <a href=\"http:\/\/www.wow-media.com\/wp-content\/gallery\/worldofwow\/imgp0297.jpg\"\r\n               title=\"Australien, 2005\"\r\n               data-src=\"http:\/\/www.wow-media.com\/wp-content\/gallery\/worldofwow\/imgp0297.jpg\"\r\n               data-thumbnail=\"http:\/\/www.wow-media.com\/wp-content\/gallery\/worldofwow\/thumbs\/thumbs_imgp0297.jpg\"\r\n               data-image-id=\"53\"\r\n               data-title=\"Australien, 2005\"\r\n               data-description=\"Australien, 2005\"\r\n               data-image-slug=\"australien-2005\"\r\n               class=\"shutterset_57271d23398e251ae60b0f5ad9115984\">\r\n                <img\r\n                    title=\"Australien, 2005\"\r\n                    alt=\"Australien, 2005\"\r\n                    src=\"http:\/\/www.wow-media.com\/wp-content\/gallery\/worldofwow\/thumbs\/thumbs_imgp0297.jpg\"\r\n                    width=\"100\"\r\n                    height=\"75\"\r\n                    style=\"max-width:100%;\"\r\n                \/>\r\n            <\/a>\r\n        <\/div>\r\n\t\t\t\t\t\t\t<\/div> \r\n\t\t\t\r\n                            \r\n\t\t\t\t<div id=\"ngg-image-6\" class=\"ngg-gallery-thumbnail-box\" >\r\n\t\t\t\t        <div class=\"ngg-gallery-thumbnail\">\r\n            <a href=\"http:\/\/www.wow-media.com\/wp-content\/gallery\/worldofwow\/imgp0480.jpg\"\r\n               title=\"Australien, 2005\"\r\n               data-src=\"http:\/\/www.wow-media.com\/wp-content\/gallery\/worldofwow\/imgp0480.jpg\"\r\n               data-thumbnail=\"http:\/\/www.wow-media.com\/wp-content\/gallery\/worldofwow\/thumbs\/thumbs_imgp0480.jpg\"\r\n               data-image-id=\"54\"\r\n               data-title=\"Australien, 2005\"\r\n               data-description=\"Australien, 2005\"\r\n               data-image-slug=\"australien-2005-2\"\r\n               class=\"shutterset_57271d23398e251ae60b0f5ad9115984\">\r\n                <img\r\n                    title=\"Australien, 2005\"\r\n                    alt=\"Australien, 2005\"\r\n                    src=\"http:\/\/www.wow-media.com\/wp-content\/gallery\/worldofwow\/thumbs\/thumbs_imgp0480.jpg\"\r\n                    width=\"100\"\r\n                    height=\"75\"\r\n                    style=\"max-width:100%;\"\r\n                \/>\r\n            <\/a>\r\n        <\/div>\r\n\t\t\t\t\t\t\t<\/div> \r\n\t\t\t\r\n                            \r\n\t\t\t\t<div id=\"ngg-image-7\" class=\"ngg-gallery-thumbnail-box\" >\r\n\t\t\t\t        <div class=\"ngg-gallery-thumbnail\">\r\n            <a href=\"http:\/\/www.wow-media.com\/wp-content\/gallery\/worldofwow\/imgp1066.jpg\"\r\n               title=\"USA, 2006\"\r\n               data-src=\"http:\/\/www.wow-media.com\/wp-content\/gallery\/worldofwow\/imgp1066.jpg\"\r\n               data-thumbnail=\"http:\/\/www.wow-media.com\/wp-content\/gallery\/worldofwow\/thumbs\/thumbs_imgp1066.jpg\"\r\n               data-image-id=\"55\"\r\n               data-title=\"USA, 2006\"\r\n               data-description=\"USA, 2006\"\r\n               data-image-slug=\"usa-2006\"\r\n               class=\"shutterset_57271d23398e251ae60b0f5ad9115984\">\r\n                <img\r\n                    title=\"USA, 2006\"\r\n                    alt=\"USA, 2006\"\r\n                    src=\"http:\/\/www.wow-media.com\/wp-content\/gallery\/worldofwow\/thumbs\/thumbs_imgp1066.jpg\"\r\n                    width=\"100\"\r\n                    height=\"75\"\r\n                    style=\"max-width:100%;\"\r\n                \/>\r\n            <\/a>\r\n        <\/div>\r\n\t\t\t\t\t\t\t<\/div> \r\n\t\t\t\r\n                            \r\n\t\t\t\t<div id=\"ngg-image-8\" class=\"ngg-gallery-thumbnail-box\" >\r\n\t\t\t\t        <div class=\"ngg-gallery-thumbnail\">\r\n            <a href=\"http:\/\/www.wow-media.com\/wp-content\/gallery\/worldofwow\/imgp2176.jpg\"\r\n               title=\"Kerry James Marshall, Dokumenta Kassel, 2007\"\r\n               data-src=\"http:\/\/www.wow-media.com\/wp-content\/gallery\/worldofwow\/imgp2176.jpg\"\r\n               data-thumbnail=\"http:\/\/www.wow-media.com\/wp-content\/gallery\/worldofwow\/thumbs\/thumbs_imgp2176.jpg\"\r\n               data-image-id=\"56\"\r\n               data-title=\"Kerry James Marshall, Dokumenta Kassel, 2007\"\r\n               data-description=\"Kerry James Marshall, Dokumenta Kassel, 2007\"\r\n               data-image-slug=\"kerry-james-marshall-dokumenta-kassel-2007\"\r\n               class=\"shutterset_57271d23398e251ae60b0f5ad9115984\">\r\n                <img\r\n                    title=\"Kerry James Marshall, Dokumenta Kassel, 2007\"\r\n                    alt=\"Kerry James Marshall, Dokumenta Kassel, 2007\"\r\n                    src=\"http:\/\/www.wow-media.com\/wp-content\/gallery\/worldofwow\/thumbs\/thumbs_imgp2176.jpg\"\r\n                    width=\"100\"\r\n                    height=\"74\"\r\n                    style=\"max-width:100%;\"\r\n                \/>\r\n            <\/a>\r\n        <\/div>\r\n\t\t\t\t\t\t\t<\/div> \r\n\t\t\t\r\n                            \r\n\t\t\t\t<div id=\"ngg-image-9\" class=\"ngg-gallery-thumbnail-box\" >\r\n\t\t\t\t        <div class=\"ngg-gallery-thumbnail\">\r\n            <a href=\"http:\/\/www.wow-media.com\/wp-content\/gallery\/worldofwow\/imgp2183.jpg\"\r\n               title=\"Video\u00fcberwachung der S-Bahn Hamburg, 2007\"\r\n               data-src=\"http:\/\/www.wow-media.com\/wp-content\/gallery\/worldofwow\/imgp2183.jpg\"\r\n               data-thumbnail=\"http:\/\/www.wow-media.com\/wp-content\/gallery\/worldofwow\/thumbs\/thumbs_imgp2183.jpg\"\r\n               data-image-id=\"57\"\r\n               data-title=\"Video\u00fcberwachung der S-Bahn Hamburg, 2007\"\r\n               data-description=\"Video\u00fcberwachung der S-Bahn Hamburg, 2007\"\r\n               data-image-slug=\"videouberwachung-der-s-bahn-hamburg-2007\"\r\n               class=\"shutterset_57271d23398e251ae60b0f5ad9115984\">\r\n                <img\r\n                    title=\"Video\u00fcberwachung der S-Bahn Hamburg, 2007\"\r\n                    alt=\"Video\u00fcberwachung der S-Bahn Hamburg, 2007\"\r\n                    src=\"http:\/\/www.wow-media.com\/wp-content\/gallery\/worldofwow\/thumbs\/thumbs_imgp2183.jpg\"\r\n                    width=\"100\"\r\n                    height=\"74\"\r\n                    style=\"max-width:100%;\"\r\n                \/>\r\n            <\/a>\r\n        <\/div>\r\n\t\t\t\t\t\t\t<\/div> \r\n\t\t\t\r\n                                    <br style=\"clear: both\" \/>\r\n                    \r\n\t\t\t\t<div id=\"ngg-image-10\" class=\"ngg-gallery-thumbnail-box\" >\r\n\t\t\t\t        <div class=\"ngg-gallery-thumbnail\">\r\n            <a href=\"http:\/\/www.wow-media.com\/wp-content\/gallery\/worldofwow\/imgp2185.jpg\"\r\n               title=\"Video\u00fcberwachung der S-Bahn Hamburg, 2007\"\r\n               data-src=\"http:\/\/www.wow-media.com\/wp-content\/gallery\/worldofwow\/imgp2185.jpg\"\r\n               data-thumbnail=\"http:\/\/www.wow-media.com\/wp-content\/gallery\/worldofwow\/thumbs\/thumbs_imgp2185.jpg\"\r\n               data-image-id=\"58\"\r\n               data-title=\"Video\u00fcberwachung der S-Bahn Hamburg, 2007\"\r\n               data-description=\"Video\u00fcberwachung der S-Bahn Hamburg, 2007\"\r\n               data-image-slug=\"videouberwachung-der-s-bahn-hamburg-2007-2\"\r\n               class=\"shutterset_57271d23398e251ae60b0f5ad9115984\">\r\n                <img\r\n                    title=\"Video\u00fcberwachung der S-Bahn Hamburg, 2007\"\r\n                    alt=\"Video\u00fcberwachung der S-Bahn Hamburg, 2007\"\r\n                    src=\"http:\/\/www.wow-media.com\/wp-content\/gallery\/worldofwow\/thumbs\/thumbs_imgp2185.jpg\"\r\n                    width=\"100\"\r\n                    height=\"75\"\r\n                    style=\"max-width:100%;\"\r\n                \/>\r\n            <\/a>\r\n        <\/div>\r\n\t\t\t\t\t\t\t<\/div> \r\n\t\t\t\r\n                            \r\n\t\t\t\t<div id=\"ngg-image-11\" class=\"ngg-gallery-thumbnail-box\" >\r\n\t\t\t\t        <div class=\"ngg-gallery-thumbnail\">\r\n            <a href=\"http:\/\/www.wow-media.com\/wp-content\/gallery\/worldofwow\/imgp2364.jpg\"\r\n               title=\"Fernseher, USA, 2007\"\r\n               data-src=\"http:\/\/www.wow-media.com\/wp-content\/gallery\/worldofwow\/imgp2364.jpg\"\r\n               data-thumbnail=\"http:\/\/www.wow-media.com\/wp-content\/gallery\/worldofwow\/thumbs\/thumbs_imgp2364.jpg\"\r\n               data-image-id=\"59\"\r\n               data-title=\"Fernseher, USA, 2007\"\r\n               data-description=\"Fernseher, USA, 2007\"\r\n               data-image-slug=\"fernseher-usa-2007\"\r\n               class=\"shutterset_57271d23398e251ae60b0f5ad9115984\">\r\n                <img\r\n                    title=\"Fernseher, USA, 2007\"\r\n                    alt=\"Fernseher, USA, 2007\"\r\n                    src=\"http:\/\/www.wow-media.com\/wp-content\/gallery\/worldofwow\/thumbs\/thumbs_imgp2364.jpg\"\r\n                    width=\"100\"\r\n                    height=\"75\"\r\n                    style=\"max-width:100%;\"\r\n                \/>\r\n            <\/a>\r\n        <\/div>\r\n\t\t\t\t\t\t\t<\/div> \r\n\t\t\t\r\n                            \r\n\t\t\t\t<div id=\"ngg-image-12\" class=\"ngg-gallery-thumbnail-box\" >\r\n\t\t\t\t        <div class=\"ngg-gallery-thumbnail\">\r\n            <a href=\"http:\/\/www.wow-media.com\/wp-content\/gallery\/worldofwow\/imgp3792.jpg\"\r\n               title=\"Ansteckbutton, USA, 2009\"\r\n               data-src=\"http:\/\/www.wow-media.com\/wp-content\/gallery\/worldofwow\/imgp3792.jpg\"\r\n               data-thumbnail=\"http:\/\/www.wow-media.com\/wp-content\/gallery\/worldofwow\/thumbs\/thumbs_imgp3792.jpg\"\r\n               data-image-id=\"60\"\r\n               data-title=\"Ansteckbutton, USA, 2009\"\r\n               data-description=\"Ansteckbutton, USA, 2009\"\r\n               data-image-slug=\"ansteckbutton-usa-2009\"\r\n               class=\"shutterset_57271d23398e251ae60b0f5ad9115984\">\r\n                <img\r\n                    title=\"Ansteckbutton, USA, 2009\"\r\n                    alt=\"Ansteckbutton, USA, 2009\"\r\n                    src=\"http:\/\/www.wow-media.com\/wp-content\/gallery\/worldofwow\/thumbs\/thumbs_imgp3792.jpg\"\r\n                    width=\"100\"\r\n                    height=\"75\"\r\n                    style=\"max-width:100%;\"\r\n                \/>\r\n            <\/a>\r\n        <\/div>\r\n\t\t\t\t\t\t\t<\/div> \r\n\t\t\t\r\n                            \r\n\t\t\t\t<div id=\"ngg-image-13\" class=\"ngg-gallery-thumbnail-box\" >\r\n\t\t\t\t        <div class=\"ngg-gallery-thumbnail\">\r\n            <a href=\"http:\/\/www.wow-media.com\/wp-content\/gallery\/worldofwow\/wow.jpg\"\r\n               title=\"Internet-Anzeige: bestbuy\"\r\n               data-src=\"http:\/\/www.wow-media.com\/wp-content\/gallery\/worldofwow\/wow.jpg\"\r\n               data-thumbnail=\"http:\/\/www.wow-media.com\/wp-content\/gallery\/worldofwow\/thumbs\/thumbs_wow.jpg\"\r\n               data-image-id=\"61\"\r\n               data-title=\"Internet-Anzeige: bestbuy\"\r\n               data-description=\"Internet-Anzeige: bestbuy\"\r\n               data-image-slug=\"internet-anzeige-bestbuy-2\"\r\n               class=\"shutterset_57271d23398e251ae60b0f5ad9115984\">\r\n                <img\r\n                    title=\"Internet-Anzeige: bestbuy\"\r\n                    alt=\"Internet-Anzeige: bestbuy\"\r\n                    src=\"http:\/\/www.wow-media.com\/wp-content\/gallery\/worldofwow\/thumbs\/thumbs_wow.jpg\"\r\n                    width=\"100\"\r\n                    height=\"75\"\r\n                    style=\"max-width:100%;\"\r\n                \/>\r\n            <\/a>\r\n        <\/div>\r\n\t\t\t\t\t\t\t<\/div> \r\n\t\t\t\r\n                            \r\n\t\t\t\t<div id=\"ngg-image-14\" class=\"ngg-gallery-thumbnail-box\" >\r\n\t\t\t\t        <div class=\"ngg-gallery-thumbnail\">\r\n            <a href=\"http:\/\/www.wow-media.com\/wp-content\/gallery\/worldofwow\/wow-logica.jpg\"\r\n               title=\"Magazin der Firma Logica, 2009\"\r\n               data-src=\"http:\/\/www.wow-media.com\/wp-content\/gallery\/worldofwow\/wow-logica.jpg\"\r\n               data-thumbnail=\"http:\/\/www.wow-media.com\/wp-content\/gallery\/worldofwow\/thumbs\/thumbs_wow-logica.jpg\"\r\n               data-image-id=\"62\"\r\n               data-title=\"Magazin der Firma Logica, 2009\"\r\n               data-description=\"Magazin der Firma Logica, 2009\"\r\n               data-image-slug=\"magazin-der-firma-logica-2009\"\r\n               class=\"shutterset_57271d23398e251ae60b0f5ad9115984\">\r\n                <img\r\n                    title=\"Magazin der Firma Logica, 2009\"\r\n                    alt=\"Magazin der Firma Logica, 2009\"\r\n                    src=\"http:\/\/www.wow-media.com\/wp-content\/gallery\/worldofwow\/thumbs\/thumbs_wow-logica.jpg\"\r\n                    width=\"100\"\r\n                    height=\"75\"\r\n                    style=\"max-width:100%;\"\r\n                \/>\r\n            <\/a>\r\n        <\/div>\r\n\t\t\t\t\t\t\t<\/div> \r\n\t\t\t\r\n                                    <br style=\"clear: both\" \/>\r\n                    \r\n\t\t\t\t<div id=\"ngg-image-15\" class=\"ngg-gallery-thumbnail-box\" >\r\n\t\t\t\t        <div class=\"ngg-gallery-thumbnail\">\r\n            <a href=\"http:\/\/www.wow-media.com\/wp-content\/gallery\/worldofwow\/scannen0001.jpg\"\r\n               title=\"KulturSpiegel, 2011\"\r\n               data-src=\"http:\/\/www.wow-media.com\/wp-content\/gallery\/worldofwow\/scannen0001.jpg\"\r\n               data-thumbnail=\"http:\/\/www.wow-media.com\/wp-content\/gallery\/worldofwow\/thumbs\/thumbs_scannen0001.jpg\"\r\n               data-image-id=\"63\"\r\n               data-title=\"KulturSpiegel, 2011\"\r\n               data-description=\"KulturSpiegel, 2011\"\r\n               data-image-slug=\"kulturspiegel-2011\"\r\n               class=\"shutterset_57271d23398e251ae60b0f5ad9115984\">\r\n                <img\r\n                    title=\"KulturSpiegel, 2011\"\r\n                    alt=\"KulturSpiegel, 2011\"\r\n                    src=\"http:\/\/www.wow-media.com\/wp-content\/gallery\/worldofwow\/thumbs\/thumbs_scannen0001.jpg\"\r\n                    width=\"100\"\r\n                    height=\"74\"\r\n                    style=\"max-width:100%;\"\r\n                \/>\r\n            <\/a>\r\n        <\/div>\r\n\t\t\t\t\t\t\t<\/div> \r\n\t\t\t\r\n                            \r\n\t\t\t\t<div id=\"ngg-image-16\" class=\"ngg-gallery-thumbnail-box\" >\r\n\t\t\t\t        <div class=\"ngg-gallery-thumbnail\">\r\n            <a href=\"http:\/\/www.wow-media.com\/wp-content\/gallery\/worldofwow\/imgp5626.jpg\"\r\n               title=\"Columbus, Nebraska, USA, 2011\"\r\n               data-src=\"http:\/\/www.wow-media.com\/wp-content\/gallery\/worldofwow\/imgp5626.jpg\"\r\n               data-thumbnail=\"http:\/\/www.wow-media.com\/wp-content\/gallery\/worldofwow\/thumbs\/thumbs_imgp5626.jpg\"\r\n               data-image-id=\"64\"\r\n               data-title=\"Walgreens in Columbus, Nebraska\"\r\n               data-description=\"Columbus, Nebraska, USA, 2011\"\r\n               data-image-slug=\"walgreens-in-columbus-nebraska\"\r\n               class=\"shutterset_57271d23398e251ae60b0f5ad9115984\">\r\n                <img\r\n                    title=\"Walgreens in Columbus, Nebraska\"\r\n                    alt=\"Walgreens in Columbus, Nebraska\"\r\n                    src=\"http:\/\/www.wow-media.com\/wp-content\/gallery\/worldofwow\/thumbs\/thumbs_imgp5626.jpg\"\r\n                    width=\"100\"\r\n                    height=\"74\"\r\n                    style=\"max-width:100%;\"\r\n                \/>\r\n            <\/a>\r\n        <\/div>\r\n\t\t\t\t\t\t\t<\/div> \r\n\t\t\t\r\n                            \r\n\t\t\t\t<div id=\"ngg-image-17\" class=\"ngg-gallery-thumbnail-box\" >\r\n\t\t\t\t        <div class=\"ngg-gallery-thumbnail\">\r\n            <a href=\"http:\/\/www.wow-media.com\/wp-content\/gallery\/worldofwow\/imgp5649.jpg\"\r\n               title=\"Zeitungsanzeige im Philippine Daily Inquirer, 2010\"\r\n               data-src=\"http:\/\/www.wow-media.com\/wp-content\/gallery\/worldofwow\/imgp5649.jpg\"\r\n               data-thumbnail=\"http:\/\/www.wow-media.com\/wp-content\/gallery\/worldofwow\/thumbs\/thumbs_imgp5649.jpg\"\r\n               data-image-id=\"129\"\r\n               data-title=\"Philippine Daily Inquirer, 2010\"\r\n               data-description=\"Zeitungsanzeige im Philippine Daily Inquirer, 2010\"\r\n               data-image-slug=\"philippine-daily-inquirer-2010\"\r\n               class=\"shutterset_57271d23398e251ae60b0f5ad9115984\">\r\n                <img\r\n                    title=\"Philippine Daily Inquirer, 2010\"\r\n                    alt=\"Philippine Daily Inquirer, 2010\"\r\n                    src=\"http:\/\/www.wow-media.com\/wp-content\/gallery\/worldofwow\/thumbs\/thumbs_imgp5649.jpg\"\r\n                    width=\"100\"\r\n                    height=\"75\"\r\n                    style=\"max-width:100%;\"\r\n                \/>\r\n            <\/a>\r\n        <\/div>\r\n\t\t\t\t\t\t\t<\/div> \r\n\t\t\t\r\n                            \r\n\t\t\r\n\t\t<!-- Pagination -->\r\n\t<div class='ngg-clear'><\/div>\t<\/div>\r\n<br \/>\nSollten Sie auch irgendwo einen WOW-Schriftzug entdecken, w\u00fcrde ich mich \u00fcber ein neues Bild f\u00fcr meine Galerie nat\u00fcrlich sehr freuen. Vielen Dank!<\/p>\n","protected":false},"excerpt":{"rendered":"<p>WOW entstammt den Initialen meines Namens. Doch weltweit ist wow! nat\u00fcrlich mehr. Hier finden Sie einen kleinen Einblick in die WELT OF WOW! Sollten Sie auch irgendwo einen WOW-Schriftzug entdecken, w\u00fcrde ich mich \u00fcber ein neues Bild f\u00fcr meine Galerie &hellip; <a href=\"http:\/\/www.wow-media.com\/?page_id=41\">Weiterlesen <span class=\"meta-nav\">&rarr;<\/span><\/a><\/p>\n","protected":false},"author":1,"featured_media":0,"parent":37,"menu_order":0,"comment_status":"closed","ping_status":"open","template":"","meta":{"ngg_post_thumbnail":0},"_links":{"self":[{"href":"http:\/\/www.wow-media.com\/index.php?rest_route=\/wp\/v2\/pages\/41"}],"collection":[{"href":"http:\/\/www.wow-media.com\/index.php?rest_route=\/wp\/v2\/pages"}],"about":[{"href":"http:\/\/www.wow-media.com\/index.php?rest_route=\/wp\/v2\/types\/page"}],"author":[{"embeddable":true,"href":"http:\/\/www.wow-media.com\/index.php?rest_route=\/wp\/v2\/users\/1"}],"replies":[{"embeddable":true,"href":"http:\/\/www.wow-media.com\/index.php?rest_route=%2Fwp%2Fv2%2Fcomments&post=41"}],"version-history":[{"count":11,"href":"http:\/\/www.wow-media.com\/index.php?rest_route=\/wp\/v2\/pages\/41\/revisions"}],"predecessor-version":[{"id":160,"href":"http:\/\/www.wow-media.com\/index.php?rest_route=\/wp\/v2\/pages\/41\/revisions\/160"}],"up":[{"embeddable":true,"href":"http:\/\/www.wow-media.com\/index.php?rest_route=\/wp\/v2\/pages\/37"}],"wp:attachment":[{"href":"http:\/\/www.wow-media.com\/index.php?rest_route=%2Fwp%2Fv2%2Fmedia&parent=41"}],"curies":[{"name":"wp","href":"https:\/\/api.w.org\/{rel}","templated":true}]}}