{"id":31,"date":"2010-10-10T14:24:44","date_gmt":"2010-10-10T14:24:44","guid":{"rendered":"http:\/\/www.wow-media.com\/"},"modified":"2010-12-06T15:21:44","modified_gmt":"2010-12-06T15:21:44","slug":"schwerpunkte","status":"publish","type":"page","link":"http:\/\/www.wow-media.com\/?page_id=31","title":{"rendered":"Schwerpunkte"},"content":{"rendered":"<h2><span style=\"color: #444444;\">Politische Kommunikation<\/span><\/h2>\n<p>Wie beeinflusst Kommunikation die Politik und wie beeinflusst Politik die Kommunikation? Mich interessiert vor allem die Wirkung der Medien auf die Mediennutzer &#8211; insbesondere im Zusammenspiel der beiden Systeme Medien und Politik. Insbesondere interessiere ich mich f\u00fcr die Bedeutung der Medien bei den Prozessen der \u00f6ffentlichen Meinungs- und Willensbildung.<\/p>\n<div>\n<h2><span style=\"color: #444444;\">Journalismusforschung<\/span><\/h2>\n<p>Wer steckt hinter den Massenmedien unserer Gesellschaft und welches Verst\u00e4ndnis haben diese Menschen von ihren Aufgaben wie Nachrichtenauswahl, Agenda-Setting und Framing? Ich habe vor allem ein vergleichendes internationales Interesse an Journalisten und ihrem Rollenverst\u00e4ndnis sowie an der Antwort auf die Frage: Was ist guter Journalismus aus der Sicht von Journalisten?<\/p>\n<div>\n<h2><span style=\"color: #444444;\">Medienwirkungsforschung<\/span><\/h2>\n<p>Der Bereich der Effektforschung massenmedialer Kommunikation z\u00e4hlt sicher zu den spannensten Gebieten der Kommunikationswissenschaft. Kern des Forschungsfeldes ist f\u00fcr mich die Suche nach neuen Erkenntnissen \u00fcber die Wirkung von Medien auf Erinnerungsprozesse und Verst\u00e4ndnis. Schwerpunkt meiner Masterarbeit und meiner Dissertation sind die Entschl\u00fcsselung und Beschreibung kognitionspsychologischer Prozesse bei der Verarbeitung medial \u00fcbermittelter Inhalte. Bevorzugt untersuche ich die Verarbeitung von Ergebnissen politischer Umfragen.<\/p>\n<\/div>\n<\/div>\n","protected":false},"excerpt":{"rendered":"<p>Politische Kommunikation Wie beeinflusst Kommunikation die Politik und wie beeinflusst Politik die Kommunikation? Mich interessiert vor allem die Wirkung der Medien auf die Mediennutzer &#8211; insbesondere im Zusammenspiel der beiden Systeme Medien und Politik. Insbesondere interessiere ich mich f\u00fcr die &hellip; <a href=\"http:\/\/www.wow-media.com\/?page_id=31\">Weiterlesen <span class=\"meta-nav\">&rarr;<\/span><\/a><\/p>\n","protected":false},"author":1,"featured_media":0,"parent":29,"menu_order":0,"comment_status":"closed","ping_status":"open","template":"","meta":{"ngg_post_thumbnail":0},"_links":{"self":[{"href":"http:\/\/www.wow-media.com\/index.php?rest_route=\/wp\/v2\/pages\/31"}],"collection":[{"href":"http:\/\/www.wow-media.com\/index.php?rest_route=\/wp\/v2\/pages"}],"about":[{"href":"http:\/\/www.wow-media.com\/index.php?rest_route=\/wp\/v2\/types\/page"}],"author":[{"embeddable":true,"href":"http:\/\/www.wow-media.com\/index.php?rest_route=\/wp\/v2\/users\/1"}],"replies":[{"embeddable":true,"href":"http:\/\/www.wow-media.com\/index.php?rest_route=%2Fwp%2Fv2%2Fcomments&post=31"}],"version-history":[{"count":7,"href":"http:\/\/www.wow-media.com\/index.php?rest_route=\/wp\/v2\/pages\/31\/revisions"}],"predecessor-version":[{"id":33,"href":"http:\/\/www.wow-media.com\/index.php?rest_route=\/wp\/v2\/pages\/31\/revisions\/33"}],"up":[{"embeddable":true,"href":"http:\/\/www.wow-media.com\/index.php?rest_route=\/wp\/v2\/pages\/29"}],"wp:attachment":[{"href":"http:\/\/www.wow-media.com\/index.php?rest_route=%2Fwp%2Fv2%2Fmedia&parent=31"}],"curies":[{"name":"wp","href":"https:\/\/api.w.org\/{rel}","templated":true}]}}