{"id":2,"date":"2010-02-04T14:00:38","date_gmt":"2010-02-04T14:00:38","guid":{"rendered":"http:\/\/www.wow-media.com\/?page_id=2"},"modified":"2012-05-14T12:39:53","modified_gmt":"2012-05-14T12:39:53","slug":"eine-seite","status":"publish","type":"page","link":"http:\/\/www.wow-media.com\/?page_id=2","title":{"rendered":"Medienarbeit"},"content":{"rendered":"<p>Meine Kompetenzbereiche finden Sie hier:<br \/>\n&#8211; <a title=\"Journalismus\" href=\"http:\/\/www.wow-media.com\/?page_id=6\">Journalismus<\/a><br \/>\n&#8211; <a title=\"Moderation\" href=\"http:\/\/www.wow-media.com\/?page_id=9\">Moderation<\/a><br \/>\n&#8211; <a title=\"\u00d6ffentlichkeitsarbeit\" href=\"http:\/\/www.wow-media.com\/?page_id=12\" target=\"_blank\">\u00d6ffentlichkeitsarbeit<\/a><\/p>\n<p><strong>Meine Philosophie<\/strong><\/p>\n<p>Nachrichtentexte f\u00fcr Online oder Print, spannende Radiobeitr\u00e4ge oder die Moderation f\u00fcr Ihre Veranstaltung &#8211; mit Medienarbeit kenne ich mich aus. Nach meinem Volontariat als H\u00f6rfunkredakteur und anschlie\u00dfender Festanstellung im bayerischen Kaufbeuren arbeitete ich w\u00e4hrend meines Studiums als Nachrichtensprecher, Redakteur und Moderator im Rundfunk in Augsburg und M\u00fcnchen. Zus\u00e4tzlich \u00fcbernahm ich die Pressearbeit von Kulturveranstaltungen in Bayern und Sprecheraufgaben f\u00fcr Museen und multimediale Tontr\u00e4ger. Seit 2008 arbeite ich nun beim NDR in Hamburg, vorwiegend in der Redaktion von tagesschau.de.<\/p>\n<p>Eine gelungene historische Beschreibung der journalistischen T\u00e4tigkeit:<\/p>\n<p><strong>Wie ein Redakteur sein soll!<\/strong><\/p>\n<p>Ein Redakteur soll ein guter Schauspieler sein, denn er hat eine schwere Rolle zu spielen; er muss viele Ohren haben, weil er bald diesem, bald jenem eines leihen muss; er muss die Schwimmkunst verstehen, um bald mit dem Strom, bald gegen den Strom der Meinungen und Ansichten zu schwimmen; er muss ein Wegweiser sein, um die Richtungen der Zeit anzugeben; ein r\u00fcstiger Fu\u00dfg\u00e4nger, um mit der Zeit fortzuschreiten; er soll statt der F\u00fc\u00dfe Hufe haben, weil er gut beschlagen sein muss \u2013 in Kunst und Wissenschaft; er muss ein gewandter Fechtmeister sein, um alle Angriffe zu parieren oder zur\u00fcckzuschlagen; ein scharfer Sch\u00fctze, um sein Ziel nicht zu verfehlen; ein Nagelschmied, um stets den Nagel auf den Kopf zu treffen; ein Schneider, um die Gedanken in ein h\u00fcbsches Gewand zu kleiden.<\/p>\n<p>Item muss er ein guter Wirt sein, um schmackhafte Geistesnahrung aufzutischen; ein Weinh\u00e4ndler, also ein geistreicher Mann; ein G\u00e4rtner, um poetische Blumen zu hegen; ein S\u00e4mann, um auch Samen des Guten auszustreuen; er muss aber auch ein Nachtw\u00e4chter sein, um zu verk\u00fcnden, was die Glocke der Zeit geschlagen habe; auch sogar ein Scharfrichter, um alles Schlechte scharf zu richten usw., kurz: ein Redakteur muss alles M\u00f6gliche sein, vor allem aber \u2013 ein Lamm an Geduld, denn die Welt l\u00e4sst gew\u00f6hnlich kein gutes Haar an ihm, sondern nimmt ihn selbst unter das kritische Messer, wo sie nur kann.<\/p>\n<p><em>(Quelle unbekannt &#8211; historische Berufsbeschreibung)<\/em><\/p>\n","protected":false},"excerpt":{"rendered":"<p>Meine Kompetenzbereiche finden Sie hier: &#8211; Journalismus &#8211; Moderation &#8211; \u00d6ffentlichkeitsarbeit Meine Philosophie Nachrichtentexte f\u00fcr Online oder Print, spannende Radiobeitr\u00e4ge oder die Moderation f\u00fcr Ihre Veranstaltung &#8211; mit Medienarbeit kenne ich mich aus. Nach meinem Volontariat als H\u00f6rfunkredakteur und anschlie\u00dfender &hellip; <a href=\"http:\/\/www.wow-media.com\/?page_id=2\">Weiterlesen <span class=\"meta-nav\">&rarr;<\/span><\/a><\/p>\n","protected":false},"author":1,"featured_media":0,"parent":0,"menu_order":0,"comment_status":"closed","ping_status":"open","template":"","meta":{"ngg_post_thumbnail":0},"_links":{"self":[{"href":"http:\/\/www.wow-media.com\/index.php?rest_route=\/wp\/v2\/pages\/2"}],"collection":[{"href":"http:\/\/www.wow-media.com\/index.php?rest_route=\/wp\/v2\/pages"}],"about":[{"href":"http:\/\/www.wow-media.com\/index.php?rest_route=\/wp\/v2\/types\/page"}],"author":[{"embeddable":true,"href":"http:\/\/www.wow-media.com\/index.php?rest_route=\/wp\/v2\/users\/1"}],"replies":[{"embeddable":true,"href":"http:\/\/www.wow-media.com\/index.php?rest_route=%2Fwp%2Fv2%2Fcomments&post=2"}],"version-history":[{"count":11,"href":"http:\/\/www.wow-media.com\/index.php?rest_route=\/wp\/v2\/pages\/2\/revisions"}],"predecessor-version":[{"id":3,"href":"http:\/\/www.wow-media.com\/index.php?rest_route=\/wp\/v2\/pages\/2\/revisions\/3"}],"wp:attachment":[{"href":"http:\/\/www.wow-media.com\/index.php?rest_route=%2Fwp%2Fv2%2Fmedia&parent=2"}],"curies":[{"name":"wp","href":"https:\/\/api.w.org\/{rel}","templated":true}]}}